{"id":22334,"date":"2022-08-29T12:45:28","date_gmt":"2022-08-29T10:45:28","guid":{"rendered":"https:\/\/nova.agrogi.com\/?page_id=22334"},"modified":"2022-10-25T09:23:15","modified_gmt":"2022-10-25T07:23:15","slug":"politica-de-privacitat","status":"publish","type":"page","link":"https:\/\/agrogi.com\/ca\/politica-de-privacitat\/","title":{"rendered":"Pol\u00edtica de Privacitat"},"content":{"rendered":"\n<h3 class=\"wp-block-heading\">RESPONSABLE DEL TRACTAMENT<\/h3>\n\n\n\n<p>L&#8217;empresa responsable del tractament de les seves dades en virtut d&#8217;aquesta Pol\u00edtica de privacitat \u00e9s:<\/p>\n\n\n\n<ul class=\"wp-block-list\"><li><strong>Denominaci\u00f3 Social<\/strong>: AGROPECU\u00c0RIA GIRONA, S.L.<\/li><li><strong>Domicili Social<\/strong>: Plademont, 2, 17165, La Cellera de Ter (Girona) &#8211; SPAIN<\/li><li><strong>NIF<\/strong>: B17561036<\/li><li><strong>Tel\u00e8fon:<\/strong>&nbsp;(+34) 972 423 304<\/li><li><strong>Email:&nbsp;<\/strong>info@agrogi.com<\/li><li><strong>Lloc web:&nbsp;<\/strong>https:\/\/agrogi.com\/<\/li><\/ul>\n\n\n\n<p><\/p>\n\n\n\n<p>En Agrogi, reconeixem la import\u00e0ncia de protegir la seva informaci\u00f3 personal i estem compromesos a tractar-la amb responsabilitat i de conformitat amb les lleis de protecci\u00f3 de dades.<\/p>\n\n\n\n<p>La present pol\u00edtica de privacitat pret\u00e9n regular tots els aspectes relatius al tractament de dades dels diferents usuaris que naveguen o faciliten les seves dades personals a trav\u00e9s dels diferents formularis situats en la web.<\/p>\n\n\n\n<p><\/p>\n\n\n\n<h3 class=\"wp-block-heading\">DADES PERSONALS<\/h3>\n\n\n\n<p>Una dada personal \u00e9s la informaci\u00f3 que li identifica o li fa identificable. A trav\u00e9s de la web, en les caselles establertes a aquest efecte recollim les dades personals que l&#8217;usuari ens comunica: Nom, cognoms, correu electr\u00f2nic, tel\u00e8fon, adre\u00e7a postal, poblaci\u00f3, etc. aix\u00ed com totes aquelles dades que volunt\u00e0riament ens proporcioni a trav\u00e9s de qualsevol de les xarxes socials de les quals l&#8217;usuari est\u00e0 registrat. En aquest cas, la privacitat dependr\u00e0 de la mateixa configuraci\u00f3 establerta per l&#8217;usuari, aix\u00ed com dels termes i condicions de la mateixa xarxa social.<\/p>\n\n\n\n<p>La visita de l&#8217;usuari a la web no implica que hagi de facilitar cap informaci\u00f3 sobre les seves dades personals. No obstant aix\u00f2, en cas de facilitar-los, les dades seran tractades de manera l\u00edcita amb subjecci\u00f3 en tot moment als principis i drets recollits en el RGPD 2016\/679 de 27 d&#8217;abril de 2016 i la LOPDGDD 3\/2018 del 5 de desembre.<\/p>\n\n\n\n<p><\/p>\n\n\n\n<h3 class=\"wp-block-heading\">FINALITAT, DURADA I LEGITIMACI\u00d3 DEL TRACTAMENT<\/h3>\n\n\n\n<p>Les dades que l&#8217;usuari ens proporcioni els tractarem amb les seg\u00fcents finalitats:<\/p>\n\n\n\n<ul class=\"wp-block-list\"><li>Atendre la sol\u00b7licitud o petici\u00f3 realitzada per l&#8217;usuari a trav\u00e9s del&nbsp;<strong>formulari de contacte<\/strong>&nbsp;situat en la web. Recollim i tractem les dades personals de l&#8217;usuari per a poder tramitar i gestionar la seva sol\u00b7licitud, una consulta o qualsevol petici\u00f3 que realitza a trav\u00e9s d&#8217;aquest formulari. Aquestes dades els conservarem durant el temps necessari per a donar compliment a la seva petici\u00f3 i durant el temps establert per la llei amb una durada m\u00ednima de 3 anys. La base de legitimaci\u00f3 del tractament de les dades ser\u00e0 el consentiment que atorga l&#8217;usuari en seleccionar la casella d&#8217;acceptaci\u00f3 de la nostra pol\u00edtica de privacitat abans d&#8217;enviar la petici\u00f3. L&#8217;usuari t\u00e9 dret a revocar el seu consentiment en qualsevol moment sense que aix\u00f2 afecti la licitud del tractament basat en el consentiment previ a la seva retirada.<\/li><li>Enviar&nbsp;<strong>butlletins i newsletters<\/strong>&nbsp;sobre productes d&#8217;Agrogi sota el consentiment de l&#8217;usuari recollim i tractem les seves dades personals per a poder enviar-li informaci\u00f3 sobre els nostres productes i serveis. Aquestes dades els conservarem mentre l&#8217;usuari no revoqui el seu consentiment al tractament dels mateixos i durant el temps establert per la llei amb una durada m\u00ednima de 3 anys. La base de legitimaci\u00f3 del tractament de les dades ser\u00e0 el consentiment que atorga l&#8217;usuari en seleccionar la casella d&#8217;acceptaci\u00f3 de la nostra pol\u00edtica de privacitat abans de subscriure&#8217;s a la newsletter en formulari habilitat a aquest efecte en la web. L&#8217;usuari t\u00e9 dret a revocar el seu consentiment en qualsevol moment sense que aix\u00f2 afecti la licitud del tractament basat en el consentiment previ a la seva retirada.<\/li><li>Millorar la seva experi\u00e8ncia en navegar per la web. Aquestes dades els conservarem mentre l&#8217;usuari no revoqui el seu consentiment al tractament dels mateixos eliminant les cookies i durant el temps establert per la llei amb una durada m\u00ednima de 3 anys. La base de legitimaci\u00f3 per a millorar la seva experi\u00e8ncia en navegar per la web \u00e9s el consentiment que atorga l&#8217;usuari en acceptar les cookies. L&#8217;usuari t\u00e9 dret a revocar el seu consentiment en qualsevol moment sense que aix\u00f2 afecti la licitud del tractament basat en el consentiment previ a la seva retirada.<\/li><li>Gestionar les nostres xarxes socials i enviar-li informaci\u00f3 sobre les nostres activitats i productes. Aquestes dades els conservarem mentre l&#8217;usuari no revoqui el seu consentiment al tractament dels mateixos i durant el temps establert per la llei amb una durada m\u00ednima de 3 a\u00f1os.la base leg\u00edtima per a gestionar les nostres xarxes socials i enviar-li les nostres activitats i novetats, \u00e9s el consentiment que ens atorga per a aix\u00f2. L&#8217;usuari t\u00e9 dret a revocar el seu consentiment en qualsevol moment sense que aix\u00f2 afecti la licitud del tractament basat en el consentiment previ a la seva retirada.<\/li><\/ul>\n\n\n\n<p><\/p>\n\n\n\n<h3 class=\"wp-block-heading\">CESSI\u00d3 O COMUNICACI\u00d3 DE DADES PERSONALS I TRANSFER\u00c8NCIES INTERNACIONALS<\/h3>\n\n\n\n<p>Les seves dades no es comunicaran ni seran cedits a tercers tret que existeixi alguna obligaci\u00f3 legal o aquells prestadors vinculats al Responsable que actuen com a encarregats del tractament.<\/p>\n\n\n\n<p>No es realitzen transfer\u00e8ncies internacionals, per al cas en qu\u00e8 en algun moment poguessin realitzar-se, se li comunicaran a fi d&#8217;obtenir el seu consentiment.<\/p>\n\n\n\n<p><\/p>\n\n\n\n<h3 class=\"wp-block-heading\">ACTUALITZACI\u00d3 DE DADES<\/h3>\n\n\n\n<p>\u00c9s important que perqu\u00e8 puguem mantenir les dades personals actualitzades, l&#8217;usuari ens informi sempre que hi hagi hagut alguna modificaci\u00f3 en ells, en cas contrari, no responem de la veracitat d&#8217;aquests.<\/p>\n\n\n\n<p>L&#8217;usuari garanteix que les dades personals facilitades s\u00f3n veraces garantint que tota la informaci\u00f3 facilitada correspon amb la situaci\u00f3 real, que est\u00e0 actualitzada i \u00e9s exacta, quedant obligat a comunicar qualsevol modificaci\u00f3.<\/p>\n\n\n\n<h3 class=\"wp-block-heading\">DADES DE TERCERS<\/h3>\n\n\n\n<p>Si l&#8217;usuari facilita dades de terceres persones per a qualsevol finalitat a Agrogi, garanteix que ha obtingut aquestes dades de manera l\u00edcita, que ha informat pr\u00e8viament els afectats, obtenint el seu consentiment per a comunicar-los i que la informaci\u00f3 facilitada \u00e9s exacta i vera\u00e7.<\/p>\n\n\n\n<p><\/p>\n\n\n\n<h3 class=\"wp-block-heading\">CAR\u00c0CTER OBLIGATORI DE LA INFORMACI\u00d3 SOL\u00b7LICITADA<\/h3>\n\n\n\n<p>Tots els nostres formularis compten amb un asterisc (*) en les dades obligat\u00f2ries. Si l&#8217;usuari no facilita aquests camps, o no marca la casella d&#8217;acceptaci\u00f3 de la pol\u00edtica de privacitat, no es permetr\u00e0 l&#8217;enviament de la informaci\u00f3.<\/p>\n\n\n\n<p><\/p>\n\n\n\n<h3 class=\"wp-block-heading\">DRETS DELS INTERESSATS<\/h3>\n\n\n\n<p>T\u00e9 dret a accedir a les seves dades i a obtenir confirmaci\u00f3 sobre el seu tractament, aix\u00ed com una c\u00f2pia de les dades personals objecte de tractament. T\u00e9 dret a actualitzar-los i sol\u00b7licitar la rectificaci\u00f3 de les dades que siguin inexactes o sol\u00b7licitar la supressi\u00f3 quan les dades no siguin necessaris per als fins per als quals van ser recaptats. Pot sol\u00b7licitar la limitaci\u00f3 en el tractament de les seves dades i oposar-se al tractament dels mateixos revocant el seu consentiment, aix\u00ed com exercir el dret a la portabilitat de les dades. De la mateixa manera, t\u00e9 dret a no ser objecte de decisions basades \u00fanicament en el tractament automatitzat de les seves dades personals. Pot exercir els seus drets contactant amb nosaltres ADRE\u00c7A: Plademont, 2, 17165 La Cellera de Ter (Girona) \u2013 SPAIN. E-mail: info@agrogi.com<\/p>\n\n\n\n<p>Si considera que els seus drets no s&#8217;han at\u00e8s degudament, t\u00e9 dret a presentar una reclamaci\u00f3 davant l&#8217;autoritat de control en www.aepd.es.<\/p>\n\n\n\n<h3 class=\"wp-block-heading\">TRACTAMENTS DE DADES DE MENORS D&#8217;EDAT<\/h3>\n\n\n\n<p>Qui facilita les dades a trav\u00e9s dels formularis d&#8217;aquesta web i accepta el seu tractament declara ser major de 14 anys, quedant prohibit l&#8217;acc\u00e9s i \u00fas del portal a menors d&#8217;aquesta edat.<br>Si en algun moment, el Responsable detecta que un menor de 14 anys ha proporcionat dades de car\u00e0cter personal, procedirem a la cancel\u00b7laci\u00f3 d&#8217;aquests. Aix\u00ed mateix, els pares o tutors podran en qualsevol cas dirigir-se a Agrogi per a bloquejar el compte d&#8217;acc\u00e9s dels menors a c\u00e0rrec seu que s&#8217;haguessin registrat falsejant la seva identitat.<\/p>\n\n\n\n<p><\/p>\n\n\n\n<h3 class=\"wp-block-heading\">XARXES SOCIALS<\/h3>\n\n\n\n<p>L&#8217;objecte de les eines com Facebook, Twitter, Instagram, etc. o altres xarxes socials \u00e9s donar visibilitat i difusi\u00f3 a les activitats que desenvolupa la nostra organitzaci\u00f3. Aquestes eines emmagatzemen dades personals en els servidors dels serveis respectius i es regeixen per la seva pr\u00f2pia pol\u00edtica de privacitat. Es recomana la revisi\u00f3 i la lectura de les condicions d&#8217;\u00fas i pol\u00edtica de privacitat de la xarxa social en el moment de registrar-se, tenint en compte les diferents possibilitats de configuraci\u00f3 en relaci\u00f3 amb el grau de privacitat del perfil d&#8217;usuari en la xarxa social.<\/p>\n\n\n\n<p>Aix\u00ed mateix, el Responsable es reserva el dret d&#8217;eliminar de les seves xarxes socials qualsevol informaci\u00f3 publicada per tercers que vulneri la legalitat, inciti a fer-ho o contingui missatges que atemptin contra la dignitat de persones o institucions. Com tamb\u00e9 el dret a bloquejar o denunciar el perfil autor d&#8217;aquests missatges.<\/p>\n\n\n\n<p><\/p>\n\n\n\n<h3 class=\"wp-block-heading\">TRACTAMENT DE COOKIES<\/h3>\n\n\n\n<p>Una cookie \u00e9s un petit arxiu que es descarrega i emmagatzema en l&#8217;ordinador de l&#8217;usuari quan aquest accedeix a una p\u00e0gina web. Les Cookies permeten a la web, entre altres coses, emmagatzemar i recuperar informaci\u00f3 sobre els h\u00e0bits de navegaci\u00f3 de l&#8217;usuari o del seu equip i, depenent de la informaci\u00f3 que continguin i de la forma en qu\u00e8 utilitzi el seu equip, poden utilitzar-se per a recon\u00e8ixer a l&#8217;usuari.<\/p>\n\n\n\n<p>L&#8217;usuari t\u00e9 l&#8217;opci\u00f3 d&#8217;impedir la generaci\u00f3 de cookies, mitjan\u00e7ant la selecci\u00f3 de la corresponent opci\u00f3 en el seu programa de navegador. Pot obtenir m\u00e9s informaci\u00f3 llegint la nostra&nbsp;<a href=\"https:\/\/agrogi.com\/politica-de-cookies\/\">Pol\u00edtica de Cookies<\/a>.<\/p>\n","protected":false},"excerpt":{"rendered":"<p>RESPONSABLE DEL TRACTAMENT L&#8217;empresa responsable del tractament de les seves dades en virtut d&#8217;aquesta Pol\u00edtica de privacitat \u00e9s: Denominaci\u00f3 Social: AGROPECU\u00c0RIA GIRONA, S.L. Domicili Social: Plademont, 2, 17165, La Cellera de Ter (Girona) &#8211; SPAIN NIF: B17561036 Tel\u00e8fon:&nbsp;(+34) 972 423 304 Email:&nbsp;info@agrogi.com Lloc web:&nbsp;https:\/\/agrogi.com\/ En Agrogi, reconeixem la import\u00e0ncia de&hellip;<\/p>\n","protected":false},"author":1,"featured_media":0,"parent":0,"menu_order":0,"comment_status":"closed","ping_status":"closed","template":"","meta":{"inline_featured_image":false,"footnotes":""},"class_list":["post-22334","page","type-page","status-publish","hentry"],"yoast_head":"<!-- This site is optimized with the Yoast SEO plugin v20.1 - https:\/\/yoast.com\/wordpress\/plugins\/seo\/ -->\n<title>Pol\u00edtica de Privacitat - Agrogi<\/title>\n<meta name=\"robots\" content=\"index, follow, max-snippet:-1, max-image-preview:large, max-video-preview:-1\" \/>\n<link rel=\"canonical\" href=\"https:\/\/agrogi.com\/ca\/politica-de-privacitat\/\" \/>\n<meta property=\"og:locale\" content=\"ca_ES\" \/>\n<meta property=\"og:type\" content=\"article\" \/>\n<meta property=\"og:title\" content=\"Pol\u00edtica de Privacitat - Agrogi\" \/>\n<meta property=\"og:description\" content=\"RESPONSABLE DEL TRACTAMENT L&#8217;empresa responsable del tractament de les seves dades en virtut d&#8217;aquesta Pol\u00edtica de privacitat \u00e9s: Denominaci\u00f3 Social: AGROPECU\u00c0RIA GIRONA, S.L. Domicili Social: Plademont, 2, 17165, La Cellera de Ter (Girona) &#8211; SPAIN NIF: B17561036 Tel\u00e8fon:&nbsp;(+34) 972 423 304 Email:&nbsp;info@agrogi.com Lloc web:&nbsp;https:\/\/agrogi.com\/ En Agrogi, reconeixem la import\u00e0ncia de&hellip;\" \/>\n<meta property=\"og:url\" content=\"https:\/\/agrogi.com\/ca\/politica-de-privacitat\/\" \/>\n<meta property=\"og:site_name\" content=\"Agrogi\" \/>\n<meta property=\"article:publisher\" content=\"https:\/\/www.facebook.com\/agrogi\" \/>\n<meta property=\"article:modified_time\" content=\"2022-10-25T07:23:15+00:00\" \/>\n<meta name=\"twitter:card\" content=\"summary_large_image\" \/>\n<meta name=\"twitter:label1\" content=\"Temps estimat de lectura\" \/>\n\t<meta name=\"twitter:data1\" content=\"7 minuts\" \/>\n<script type=\"application\/ld+json\" class=\"yoast-schema-graph\">{\"@context\":\"https:\/\/schema.org\",\"@graph\":[{\"@type\":\"WebPage\",\"@id\":\"https:\/\/agrogi.com\/ca\/politica-de-privacitat\/\",\"url\":\"https:\/\/agrogi.com\/ca\/politica-de-privacitat\/\",\"name\":\"Pol\u00edtica de Privacitat - Agrogi\",\"isPartOf\":{\"@id\":\"https:\/\/agrogi.com\/ca\/#website\"},\"datePublished\":\"2022-08-29T10:45:28+00:00\",\"dateModified\":\"2022-10-25T07:23:15+00:00\",\"breadcrumb\":{\"@id\":\"https:\/\/agrogi.com\/ca\/politica-de-privacitat\/#breadcrumb\"},\"inLanguage\":\"ca\",\"potentialAction\":[{\"@type\":\"ReadAction\",\"target\":[\"https:\/\/agrogi.com\/ca\/politica-de-privacitat\/\"]}]},{\"@type\":\"BreadcrumbList\",\"@id\":\"https:\/\/agrogi.com\/ca\/politica-de-privacitat\/#breadcrumb\",\"itemListElement\":[{\"@type\":\"ListItem\",\"position\":1,\"name\":\"Inici\",\"item\":\"https:\/\/agrogi.com\/ca\/\"},{\"@type\":\"ListItem\",\"position\":2,\"name\":\"Pol\u00edtica de Privacitat\"}]},{\"@type\":\"WebSite\",\"@id\":\"https:\/\/agrogi.com\/ca\/#website\",\"url\":\"https:\/\/agrogi.com\/ca\/\",\"name\":\"Agrogi\",\"description\":\"Construccions industrials i agroaliment\u00e0ries\",\"publisher\":{\"@id\":\"https:\/\/agrogi.com\/ca\/#organization\"},\"potentialAction\":[{\"@type\":\"SearchAction\",\"target\":{\"@type\":\"EntryPoint\",\"urlTemplate\":\"https:\/\/agrogi.com\/ca\/?s={search_term_string}\"},\"query-input\":\"required name=search_term_string\"}],\"inLanguage\":\"ca\"},{\"@type\":\"Organization\",\"@id\":\"https:\/\/agrogi.com\/ca\/#organization\",\"name\":\"Agrogi\",\"url\":\"https:\/\/agrogi.com\/ca\/\",\"logo\":{\"@type\":\"ImageObject\",\"inLanguage\":\"ca\",\"@id\":\"https:\/\/agrogi.com\/ca\/#\/schema\/logo\/image\/\",\"url\":\"https:\/\/agrogi.com\/wp-content\/uploads\/2022\/10\/agrogi-logo-quadrat.jpg\",\"contentUrl\":\"https:\/\/agrogi.com\/wp-content\/uploads\/2022\/10\/agrogi-logo-quadrat.jpg\",\"width\":800,\"height\":800,\"caption\":\"Agrogi\"},\"image\":{\"@id\":\"https:\/\/agrogi.com\/ca\/#\/schema\/logo\/image\/\"},\"sameAs\":[\"https:\/\/www.facebook.com\/agrogi\",\"https:\/\/www.youtube.com\/channel\/UCP8kE51Vm3ZA9BKVD9FbAHg\"]}]}<\/script>\n<!-- \/ Yoast SEO plugin. -->","yoast_head_json":{"title":"Pol\u00edtica de Privacitat - Agrogi","robots":{"index":"index","follow":"follow","max-snippet":"max-snippet:-1","max-image-preview":"max-image-preview:large","max-video-preview":"max-video-preview:-1"},"canonical":"https:\/\/agrogi.com\/ca\/politica-de-privacitat\/","og_locale":"ca_ES","og_type":"article","og_title":"Pol\u00edtica de Privacitat - Agrogi","og_description":"RESPONSABLE DEL TRACTAMENT L&#8217;empresa responsable del tractament de les seves dades en virtut d&#8217;aquesta Pol\u00edtica de privacitat \u00e9s: Denominaci\u00f3 Social: AGROPECU\u00c0RIA GIRONA, S.L. Domicili Social: Plademont, 2, 17165, La Cellera de Ter (Girona) &#8211; SPAIN NIF: B17561036 Tel\u00e8fon:&nbsp;(+34) 972 423 304 Email:&nbsp;info@agrogi.com Lloc web:&nbsp;https:\/\/agrogi.com\/ En Agrogi, reconeixem la import\u00e0ncia de&hellip;","og_url":"https:\/\/agrogi.com\/ca\/politica-de-privacitat\/","og_site_name":"Agrogi","article_publisher":"https:\/\/www.facebook.com\/agrogi","article_modified_time":"2022-10-25T07:23:15+00:00","twitter_card":"summary_large_image","twitter_misc":{"Temps estimat de lectura":"7 minuts"},"schema":{"@context":"https:\/\/schema.org","@graph":[{"@type":"WebPage","@id":"https:\/\/agrogi.com\/ca\/politica-de-privacitat\/","url":"https:\/\/agrogi.com\/ca\/politica-de-privacitat\/","name":"Pol\u00edtica de Privacitat - Agrogi","isPartOf":{"@id":"https:\/\/agrogi.com\/ca\/#website"},"datePublished":"2022-08-29T10:45:28+00:00","dateModified":"2022-10-25T07:23:15+00:00","breadcrumb":{"@id":"https:\/\/agrogi.com\/ca\/politica-de-privacitat\/#breadcrumb"},"inLanguage":"ca","potentialAction":[{"@type":"ReadAction","target":["https:\/\/agrogi.com\/ca\/politica-de-privacitat\/"]}]},{"@type":"BreadcrumbList","@id":"https:\/\/agrogi.com\/ca\/politica-de-privacitat\/#breadcrumb","itemListElement":[{"@type":"ListItem","position":1,"name":"Inici","item":"https:\/\/agrogi.com\/ca\/"},{"@type":"ListItem","position":2,"name":"Pol\u00edtica de Privacitat"}]},{"@type":"WebSite","@id":"https:\/\/agrogi.com\/ca\/#website","url":"https:\/\/agrogi.com\/ca\/","name":"Agrogi","description":"Construccions industrials i agroaliment\u00e0ries","publisher":{"@id":"https:\/\/agrogi.com\/ca\/#organization"},"potentialAction":[{"@type":"SearchAction","target":{"@type":"EntryPoint","urlTemplate":"https:\/\/agrogi.com\/ca\/?s={search_term_string}"},"query-input":"required name=search_term_string"}],"inLanguage":"ca"},{"@type":"Organization","@id":"https:\/\/agrogi.com\/ca\/#organization","name":"Agrogi","url":"https:\/\/agrogi.com\/ca\/","logo":{"@type":"ImageObject","inLanguage":"ca","@id":"https:\/\/agrogi.com\/ca\/#\/schema\/logo\/image\/","url":"https:\/\/agrogi.com\/wp-content\/uploads\/2022\/10\/agrogi-logo-quadrat.jpg","contentUrl":"https:\/\/agrogi.com\/wp-content\/uploads\/2022\/10\/agrogi-logo-quadrat.jpg","width":800,"height":800,"caption":"Agrogi"},"image":{"@id":"https:\/\/agrogi.com\/ca\/#\/schema\/logo\/image\/"},"sameAs":["https:\/\/www.facebook.com\/agrogi","https:\/\/www.youtube.com\/channel\/UCP8kE51Vm3ZA9BKVD9FbAHg"]}]}},"_links":{"self":[{"href":"https:\/\/agrogi.com\/ca\/wp-json\/wp\/v2\/pages\/22334","targetHints":{"allow":["GET"]}}],"collection":[{"href":"https:\/\/agrogi.com\/ca\/wp-json\/wp\/v2\/pages"}],"about":[{"href":"https:\/\/agrogi.com\/ca\/wp-json\/wp\/v2\/types\/page"}],"author":[{"embeddable":true,"href":"https:\/\/agrogi.com\/ca\/wp-json\/wp\/v2\/users\/1"}],"replies":[{"embeddable":true,"href":"https:\/\/agrogi.com\/ca\/wp-json\/wp\/v2\/comments?post=22334"}],"version-history":[{"count":7,"href":"https:\/\/agrogi.com\/ca\/wp-json\/wp\/v2\/pages\/22334\/revisions"}],"predecessor-version":[{"id":23565,"href":"https:\/\/agrogi.com\/ca\/wp-json\/wp\/v2\/pages\/22334\/revisions\/23565"}],"wp:attachment":[{"href":"https:\/\/agrogi.com\/ca\/wp-json\/wp\/v2\/media?parent=22334"}],"curies":[{"name":"wp","href":"https:\/\/api.w.org\/{rel}","templated":true}]}}